{"id":4914,"date":"2025-11-25T17:09:11","date_gmt":"2025-11-25T20:09:11","guid":{"rendered":"https:\/\/semapi.com.br\/?page_id=4914"},"modified":"2025-12-08T12:32:50","modified_gmt":"2025-12-08T15:32:50","slug":"login-area-do-representante","status":"publish","type":"page","link":"https:\/\/semapi.com.br\/es\/usemol\/login-area-do-representante\/","title":{"rendered":"Login area do representante"},"content":{"rendered":"<div data-elementor-type=\"wp-page\" data-elementor-id=\"4914\" class=\"elementor elementor-4914\" data-elementor-post-type=\"page\">\n\t\t\t\t<div class=\"elementor-element elementor-element-18e6cf8 e-flex e-con-boxed e-con e-parent\" data-id=\"18e6cf8\" data-element_type=\"container\" data-e-type=\"container\" data-settings=\"{&quot;jet_parallax_layout_list&quot;:[]}\">\n\t\t\t\t\t<div class=\"e-con-inner\">\n\t\t\t\t<div class=\"elementor-element elementor-element-10947a7 elementor-widget elementor-widget-spacer\" data-id=\"10947a7\" data-element_type=\"widget\" data-e-type=\"widget\" data-widget_type=\"spacer.default\">\n\t\t\t\t<div class=\"elementor-widget-container\">\n\t\t\t\t\t\t\t<div class=\"elementor-spacer\">\n\t\t\t<div class=\"elementor-spacer-inner\"><\/div>\n\t\t<\/div>\n\t\t\t\t\t\t<\/div>\n\t\t\t\t<\/div>\n\t\t\t\t\t<\/div>\n\t\t\t\t<\/div>\n\t\t<div class=\"elementor-element elementor-element-1516f13 e-flex e-con-boxed e-con e-parent\" data-id=\"1516f13\" data-element_type=\"container\" data-e-type=\"container\" data-settings=\"{&quot;jet_parallax_layout_list&quot;:[]}\">\n\t\t\t\t\t<div class=\"e-con-inner\">\n\t\t<div class=\"elementor-element elementor-element-510ed1e e-con-full e-flex e-con e-child\" data-id=\"510ed1e\" data-element_type=\"container\" data-e-type=\"container\" data-settings=\"{&quot;jet_parallax_layout_list&quot;:[]}\">\n\t\t\t\t<div class=\"elementor-element elementor-element-3d056cd elementor-widget elementor-widget-heading\" data-id=\"3d056cd\" data-element_type=\"widget\" data-e-type=\"widget\" data-widget_type=\"heading.default\">\n\t\t\t\t<div class=\"elementor-widget-container\">\n\t\t\t\t\t<h2 class=\"elementor-heading-title elementor-size-default\">BEM-VINDO \u00c0 \u00c1REA DO REPRESENTANTE<\/h2>\t\t\t\t<\/div>\n\t\t\t\t<\/div>\n\t\t\t\t<div class=\"elementor-element elementor-element-47afb1e elementor-widget elementor-widget-text-editor\" data-id=\"47afb1e\" data-element_type=\"widget\" data-e-type=\"widget\" data-widget_type=\"text-editor.default\">\n\t\t\t\t<div class=\"elementor-widget-container\">\n\t\t\t\t\t\t\t\t\t<p>Explore<b> recursos exclusivos<\/b> para impulsionar suas indica\u00e7\u00f5es e sua carreira.&nbsp;<b>J\u00e1 est\u00e1 logado? acesse sua \u00e1rea <u><a href=\"https:\/\/semapi.com.br\/es\/usemol\/area-do-representante\/\">aqui<\/a><\/u><\/b><\/p>\t\t\t\t\t\t\t\t<\/div>\n\t\t\t\t<\/div>\n\t\t\t\t<\/div>\n\t\t<div class=\"elementor-element elementor-element-438ceea e-con-full e-flex e-con e-child\" data-id=\"438ceea\" data-element_type=\"container\" data-e-type=\"container\" data-settings=\"{&quot;jet_parallax_layout_list&quot;:[]}\">\n\t\t\t\t<div class=\"elementor-element elementor-element-955a053 elementor-widget elementor-widget-login\" data-id=\"955a053\" data-element_type=\"widget\" data-e-type=\"widget\" data-widget_type=\"login.default\">\n\t\t\t\t<div class=\"elementor-widget-container\">\n\t\t\t\t\t\t\t<form class=\"elementor-login elementor-form\" method=\"post\" action=\"https:\/\/semapi.com.br\/es\/gerenciar\/\" aria-label=\"Fromulario de login\">\n\t\t\t<input type=\"hidden\" name=\"redirect_to\" value=\"https:\/\/semapi.com.br\/usemol\/area-do-representante\/\">\n\t\t\t<div class=\"elementor-form-fields-wrapper\">\n\t\t\t\t<div class=\"elementor-field-type-text elementor-field-group elementor-column elementor-col-100 elementor-field-required\">\n\t\t\t\t\t<label for=\"user-955a053\" class=\"elementor-field-label elementor-screen-only\"><\/label>\n\t\t\t\t\t<input size=\"1\" type=\"text\" name=\"log\" id=\"user-955a053\" placeholder=\"\" class=\"elementor-field elementor-field-textual elementor-size-sm\">\n\t\t\t\t<\/div>\n\t\t\t\t<div class=\"elementor-field-type-text elementor-field-group elementor-column elementor-col-100 elementor-field-required\">\n\t\t\t\t\t<label for=\"password-955a053\" class=\"elementor-field-label elementor-screen-only\"><\/label>\n\t\t\t\t\t<input size=\"1\" type=\"password\" name=\"pwd\" id=\"password-955a053\" placeholder=\"\" class=\"elementor-field elementor-field-textual elementor-size-sm\">\n\t\t\t\t<\/div>\n\n\t\t\t\t\t\t\t\t\t<div class=\"elementor-field-type-checkbox elementor-field-group elementor-column elementor-col-100 elementor-remember-me\">\n\t\t\t\t\t\t<label for=\"elementor-login-remember-me\">\n\t\t\t\t\t\t\t<input type=\"checkbox\" id=\"elementor-login-remember-me\" name=\"rememberme\" value=\"forever\">\n\t\t\t\t\t\t\tRecu\u00e9rdame\t\t\t\t\t\t<\/label>\n\t\t\t\t\t<\/div>\n\t\t\t\t\n\t\t\t\t<div class=\"elementor-field-group elementor-column elementor-field-type-submit elementor-col-100\">\n\t\t\t\t\t<button type=\"submit\" class=\"elementor-size-sm elementor-button\" name=\"wp-submit\">\n\t\t\t\t\t\t\t\t\t\t\t\t\t\t\t<span class=\"elementor-button-text\">Entrar<\/span>\n\t\t\t\t\t\t\t\t\t\t\t\t<\/button>\n\t\t\t\t<\/div>\n\n\t\t\t\t\t\t\t\t\t<div class=\"elementor-field-group elementor-column elementor-col-100\">\n\t\t\t\t\t\t\t\t\t\t\t\t\t\t\t\t\t\t\t\t<a class=\"elementor-lost-password\" href=\"https:\/\/semapi.com.br\/es\/gerenciar\/?action=lostpassword&redirect_to=https%3A%2F%2Fsemapi.com.br%2Fusemol%2Farea-do-representante%2F\">\n\t\t\t\t\t\t\t\t\u00bfOlvid\u00f3 su contrase\u00f1a?\t\t\t\t\t\t\t<\/a>\n\t\t\t\t\t\t\n\t\t\t\t\t\t\t\t\t\t\t<\/div>\n\t\t\t\t\t\t\t<\/div>\n\t\t<\/form>\n\t\t\t\t\t\t<\/div>\n\t\t\t\t<\/div>\n\t\t\t\t<\/div>\n\t\t\t\t\t<\/div>\n\t\t\t\t<\/div>\n\t\t<div class=\"elementor-element elementor-element-b53e07b e-flex e-con-boxed e-con e-parent\" data-id=\"b53e07b\" data-element_type=\"container\" data-e-type=\"container\" data-settings=\"{&quot;background_background&quot;:&quot;classic&quot;,&quot;jet_parallax_layout_list&quot;:[]}\">\n\t\t\t\t\t<div class=\"e-con-inner\">\n\t\t\t\t\t<\/div>\n\t\t\t\t<\/div>\n\t\t\t\t<\/div>","protected":false},"excerpt":{"rendered":"<p>BEM-VINDO \u00c0 \u00c1REA DO REPRESENTANTE Explore recursos exclusivos para impulsionar suas indica\u00e7\u00f5es e sua carreira.&nbsp;J\u00e1 est\u00e1 logado? acesse sua \u00e1rea aqui<\/p>","protected":false},"author":22,"featured_media":0,"parent":1177,"menu_order":0,"comment_status":"closed","ping_status":"closed","template":"elementor_header_footer","meta":{"_monsterinsights_skip_tracking":false,"_monsterinsights_sitenote_active":false,"_monsterinsights_sitenote_note":"","_monsterinsights_sitenote_category":0,"iawp_total_views":114,"footnotes":""},"class_list":["post-4914","page","type-page","status-publish","hentry"],"featured_image_src":null,"yoast_head":"<!-- This site is optimized with the Yoast SEO plugin v27.4 - https:\/\/yoast.com\/product\/yoast-seo-wordpress\/ -->\n<title>Trabalhe Conosco | Semapi<\/title>\n<meta name=\"description\" content=\"Venha trabalhar com a Semapi e fa\u00e7a parte da revolu\u00e7\u00e3o tecnologica em gest\u00e3o e manuten\u00e7\u00e3o preditiva e corporativa.\" \/>\n<meta name=\"robots\" content=\"index, follow, max-snippet:-1, max-image-preview:large, max-video-preview:-1\" \/>\n<link rel=\"canonical\" href=\"https:\/\/semapi.com.br\/es\/usemol\/login-area-do-representante\/\" \/>\n<meta property=\"og:locale\" content=\"es_ES\" \/>\n<meta property=\"og:type\" content=\"article\" \/>\n<meta property=\"og:title\" content=\"Trabalhe Conosco | Semapi\" \/>\n<meta property=\"og:description\" content=\"Venha trabalhar com a Semapi e fa\u00e7a parte da revolu\u00e7\u00e3o tecnologica em gest\u00e3o e manuten\u00e7\u00e3o preditiva e corporativa.\" \/>\n<meta property=\"og:url\" content=\"https:\/\/semapi.com.br\/es\/usemol\/login-area-do-representante\/\" \/>\n<meta property=\"og:site_name\" content=\"SEMAPI\" \/>\n<meta property=\"article:modified_time\" content=\"2025-12-08T15:32:50+00:00\" \/>\n<meta name=\"twitter:card\" content=\"summary_large_image\" \/>\n<meta name=\"twitter:label1\" content=\"Tiempo de lectura\" \/>\n\t<meta name=\"twitter:data1\" content=\"1 minuto\" \/>\n<script type=\"application\/ld+json\" class=\"yoast-schema-graph\">{\"@context\":\"https:\\\/\\\/schema.org\",\"@graph\":[{\"@type\":\"WebPage\",\"@id\":\"https:\\\/\\\/semapi.com.br\\\/usemol\\\/login-area-do-representante\\\/\",\"url\":\"https:\\\/\\\/semapi.com.br\\\/usemol\\\/login-area-do-representante\\\/\",\"name\":\"Trabalhe Conosco | Semapi\",\"isPartOf\":{\"@id\":\"https:\\\/\\\/semapi.com.br\\\/#website\"},\"datePublished\":\"2025-11-25T20:09:11+00:00\",\"dateModified\":\"2025-12-08T15:32:50+00:00\",\"description\":\"Venha trabalhar com a Semapi e fa\u00e7a parte da revolu\u00e7\u00e3o tecnologica em gest\u00e3o e manuten\u00e7\u00e3o preditiva e corporativa.\",\"breadcrumb\":{\"@id\":\"https:\\\/\\\/semapi.com.br\\\/usemol\\\/login-area-do-representante\\\/#breadcrumb\"},\"inLanguage\":\"es\",\"potentialAction\":[{\"@type\":\"ReadAction\",\"target\":[\"https:\\\/\\\/semapi.com.br\\\/usemol\\\/login-area-do-representante\\\/\"]}]},{\"@type\":\"BreadcrumbList\",\"@id\":\"https:\\\/\\\/semapi.com.br\\\/usemol\\\/login-area-do-representante\\\/#breadcrumb\",\"itemListElement\":[{\"@type\":\"ListItem\",\"position\":1,\"name\":\"Usemol\",\"item\":\"https:\\\/\\\/semapi.com.br\\\/usemol\\\/\"},{\"@type\":\"ListItem\",\"position\":2,\"name\":\"Login area do representante\"}]},{\"@type\":\"WebSite\",\"@id\":\"https:\\\/\\\/semapi.com.br\\\/#website\",\"url\":\"https:\\\/\\\/semapi.com.br\\\/\",\"name\":\"SEMAPI\",\"description\":\"\",\"publisher\":{\"@id\":\"https:\\\/\\\/semapi.com.br\\\/#organization\"},\"potentialAction\":[{\"@type\":\"SearchAction\",\"target\":{\"@type\":\"EntryPoint\",\"urlTemplate\":\"https:\\\/\\\/semapi.com.br\\\/?s={search_term_string}\"},\"query-input\":{\"@type\":\"PropertyValueSpecification\",\"valueRequired\":true,\"valueName\":\"search_term_string\"}}],\"inLanguage\":\"es\"},{\"@type\":\"Organization\",\"@id\":\"https:\\\/\\\/semapi.com.br\\\/#organization\",\"name\":\"SEMAPI\",\"url\":\"https:\\\/\\\/semapi.com.br\\\/\",\"logo\":{\"@type\":\"ImageObject\",\"inLanguage\":\"es\",\"@id\":\"https:\\\/\\\/semapi.com.br\\\/#\\\/schema\\\/logo\\\/image\\\/\",\"url\":\"https:\\\/\\\/semapi.com.br\\\/wp-content\\\/uploads\\\/2020\\\/02\\\/Semapi-Logo.png\",\"contentUrl\":\"https:\\\/\\\/semapi.com.br\\\/wp-content\\\/uploads\\\/2020\\\/02\\\/Semapi-Logo.png\",\"width\":179,\"height\":56,\"caption\":\"SEMAPI\"},\"image\":{\"@id\":\"https:\\\/\\\/semapi.com.br\\\/#\\\/schema\\\/logo\\\/image\\\/\"}}]}<\/script>\n<!-- \/ Yoast SEO plugin. -->","yoast_head_json":{"title":"Trabalhe Conosco | Semapi","description":"Venha trabalhar com a Semapi e fa\u00e7a parte da revolu\u00e7\u00e3o tecnologica em gest\u00e3o e manuten\u00e7\u00e3o preditiva e corporativa.","robots":{"index":"index","follow":"follow","max-snippet":"max-snippet:-1","max-image-preview":"max-image-preview:large","max-video-preview":"max-video-preview:-1"},"canonical":"https:\/\/semapi.com.br\/es\/usemol\/login-area-do-representante\/","og_locale":"es_ES","og_type":"article","og_title":"Trabalhe Conosco | Semapi","og_description":"Venha trabalhar com a Semapi e fa\u00e7a parte da revolu\u00e7\u00e3o tecnologica em gest\u00e3o e manuten\u00e7\u00e3o preditiva e corporativa.","og_url":"https:\/\/semapi.com.br\/es\/usemol\/login-area-do-representante\/","og_site_name":"SEMAPI","article_modified_time":"2025-12-08T15:32:50+00:00","twitter_card":"summary_large_image","twitter_misc":{"Tiempo de lectura":"1 minuto"},"schema":{"@context":"https:\/\/schema.org","@graph":[{"@type":"WebPage","@id":"https:\/\/semapi.com.br\/usemol\/login-area-do-representante\/","url":"https:\/\/semapi.com.br\/usemol\/login-area-do-representante\/","name":"Trabalhe Conosco | Semapi","isPartOf":{"@id":"https:\/\/semapi.com.br\/#website"},"datePublished":"2025-11-25T20:09:11+00:00","dateModified":"2025-12-08T15:32:50+00:00","description":"Venha trabalhar com a Semapi e fa\u00e7a parte da revolu\u00e7\u00e3o tecnologica em gest\u00e3o e manuten\u00e7\u00e3o preditiva e corporativa.","breadcrumb":{"@id":"https:\/\/semapi.com.br\/usemol\/login-area-do-representante\/#breadcrumb"},"inLanguage":"es","potentialAction":[{"@type":"ReadAction","target":["https:\/\/semapi.com.br\/usemol\/login-area-do-representante\/"]}]},{"@type":"BreadcrumbList","@id":"https:\/\/semapi.com.br\/usemol\/login-area-do-representante\/#breadcrumb","itemListElement":[{"@type":"ListItem","position":1,"name":"Usemol","item":"https:\/\/semapi.com.br\/usemol\/"},{"@type":"ListItem","position":2,"name":"Login area do representante"}]},{"@type":"WebSite","@id":"https:\/\/semapi.com.br\/#website","url":"https:\/\/semapi.com.br\/","name":"SEMAPI","description":"","publisher":{"@id":"https:\/\/semapi.com.br\/#organization"},"potentialAction":[{"@type":"SearchAction","target":{"@type":"EntryPoint","urlTemplate":"https:\/\/semapi.com.br\/?s={search_term_string}"},"query-input":{"@type":"PropertyValueSpecification","valueRequired":true,"valueName":"search_term_string"}}],"inLanguage":"es"},{"@type":"Organization","@id":"https:\/\/semapi.com.br\/#organization","name":"SEMAPI","url":"https:\/\/semapi.com.br\/","logo":{"@type":"ImageObject","inLanguage":"es","@id":"https:\/\/semapi.com.br\/#\/schema\/logo\/image\/","url":"https:\/\/semapi.com.br\/wp-content\/uploads\/2020\/02\/Semapi-Logo.png","contentUrl":"https:\/\/semapi.com.br\/wp-content\/uploads\/2020\/02\/Semapi-Logo.png","width":179,"height":56,"caption":"SEMAPI"},"image":{"@id":"https:\/\/semapi.com.br\/#\/schema\/logo\/image\/"}}]}},"_links":{"self":[{"href":"https:\/\/semapi.com.br\/es\/wp-json\/wp\/v2\/pages\/4914","targetHints":{"allow":["GET"]}}],"collection":[{"href":"https:\/\/semapi.com.br\/es\/wp-json\/wp\/v2\/pages"}],"about":[{"href":"https:\/\/semapi.com.br\/es\/wp-json\/wp\/v2\/types\/page"}],"author":[{"embeddable":true,"href":"https:\/\/semapi.com.br\/es\/wp-json\/wp\/v2\/users\/22"}],"replies":[{"embeddable":true,"href":"https:\/\/semapi.com.br\/es\/wp-json\/wp\/v2\/comments?post=4914"}],"version-history":[{"count":26,"href":"https:\/\/semapi.com.br\/es\/wp-json\/wp\/v2\/pages\/4914\/revisions"}],"predecessor-version":[{"id":5021,"href":"https:\/\/semapi.com.br\/es\/wp-json\/wp\/v2\/pages\/4914\/revisions\/5021"}],"up":[{"embeddable":true,"href":"https:\/\/semapi.com.br\/es\/wp-json\/wp\/v2\/pages\/1177"}],"wp:attachment":[{"href":"https:\/\/semapi.com.br\/es\/wp-json\/wp\/v2\/media?parent=4914"}],"curies":[{"name":"wp","href":"https:\/\/api.w.org\/{rel}","templated":true}]}}