{"id":454,"date":"2022-10-16T17:09:23","date_gmt":"2022-10-16T20:09:23","guid":{"rendered":"https:\/\/semapi.com.br\/?page_id=454"},"modified":"2026-03-13T15:25:04","modified_gmt":"2026-03-13T18:25:04","slug":"fale-conosco","status":"publish","type":"page","link":"https:\/\/semapi.com.br\/es\/fale-conosco\/","title":{"rendered":"Habla con nosotros"},"content":{"rendered":"\t\t<div data-elementor-type=\"wp-page\" data-elementor-id=\"454\" class=\"elementor elementor-454\" data-elementor-post-type=\"page\">\n\t\t\t\t<div class=\"elementor-element elementor-element-f221f3d e-flex e-con-boxed e-con e-parent\" data-id=\"f221f3d\" data-element_type=\"container\" data-e-type=\"container\" data-settings=\"{&quot;jet_parallax_layout_list&quot;:[]}\">\n\t\t\t\t\t<div class=\"e-con-inner\">\n\t\t<div class=\"elementor-element elementor-element-4f98cf6 e-con-full e-flex e-con e-child\" data-id=\"4f98cf6\" data-element_type=\"container\" data-e-type=\"container\" data-settings=\"{&quot;jet_parallax_layout_list&quot;:[]}\">\n\t\t\t\t<div class=\"elementor-element elementor-element-8bece5a elementor-widget elementor-widget-heading\" data-id=\"8bece5a\" data-element_type=\"widget\" data-e-type=\"widget\" data-widget_type=\"heading.default\">\n\t\t\t\t<div class=\"elementor-widget-container\">\n\t\t\t\t\t<h1 class=\"elementor-heading-title elementor-size-default\">Entre em contato com a Semapi e coloque mais tecnologia em sua empresa<\/h1>\t\t\t\t<\/div>\n\t\t\t\t<\/div>\n\t\t\t\t<div class=\"elementor-element elementor-element-b22eac5 elementor-widget elementor-widget-text-editor\" data-id=\"b22eac5\" data-element_type=\"widget\" data-e-type=\"widget\" data-widget_type=\"text-editor.default\">\n\t\t\t\t<div class=\"elementor-widget-container\">\n\t\t\t\t\t\t\t\t\t<p>Envie seus dados e conte-nos quais s\u00e3o as solu\u00e7\u00f5es de seu interesse. Teremos o prazer de atend\u00ea-lo prontamente.<\/p>\t\t\t\t\t\t\t\t<\/div>\n\t\t\t\t<\/div>\n\t\t\t\t<div class=\"elementor-element elementor-element-dbadaa9 elementor-widget elementor-widget-heading\" data-id=\"dbadaa9\" data-element_type=\"widget\" data-e-type=\"widget\" data-widget_type=\"heading.default\">\n\t\t\t\t<div class=\"elementor-widget-container\">\n\t\t\t\t\t<h2 class=\"elementor-heading-title elementor-size-default\">Fale com a Semapi<\/h2>\t\t\t\t<\/div>\n\t\t\t\t<\/div>\n\t\t\t\t<div class=\"elementor-element elementor-element-a345763 elementor-button-align-start elementor-mobile-button-align-center elementor-widget elementor-widget-form\" data-id=\"a345763\" data-element_type=\"widget\" data-e-type=\"widget\" data-settings=\"{&quot;step_next_label&quot;:&quot;Pr\\u00f3ximo&quot;,&quot;step_previous_label&quot;:&quot;Anterior&quot;,&quot;button_width&quot;:&quot;100&quot;,&quot;step_type&quot;:&quot;number_text&quot;,&quot;step_icon_shape&quot;:&quot;circle&quot;}\" data-widget_type=\"form.default\">\n\t\t\t\t<div class=\"elementor-widget-container\">\n\t\t\t\t\t\t\t<form class=\"elementor-form\" method=\"post\" name=\"Formul\u00e1rio Fale conosco\" aria-label=\"Formul\u00e1rio Fale conosco\">\n\t\t\t<input type=\"hidden\" name=\"post_id\" value=\"454\"\/>\n\t\t\t<input type=\"hidden\" name=\"form_id\" value=\"a345763\"\/>\n\t\t\t<input type=\"hidden\" name=\"referer_title\" value=\"Fale Conosco | Semapi\" \/>\n\n\t\t\t\t\t\t\t<input type=\"hidden\" name=\"queried_id\" value=\"454\"\/>\n\t\t\t\n\t\t\t<div class=\"elementor-form-fields-wrapper elementor-labels-\">\n\t\t\t\t\t\t\t\t<div class=\"elementor-field-type-text elementor-field-group elementor-column elementor-field-group-name elementor-col-100 elementor-field-required\">\n\t\t\t\t\t\t\t\t\t\t\t\t<label for=\"form-field-name\" class=\"elementor-field-label elementor-screen-only\">\n\t\t\t\t\t\t\t\tNome\t\t\t\t\t\t\t<\/label>\n\t\t\t\t\t\t\t\t\t\t\t\t\t\t<input size=\"1\" type=\"text\" name=\"form_fields[name]\" id=\"form-field-name\" class=\"elementor-field elementor-size-md  elementor-field-textual\" placeholder=\"Seu Nome\" required=\"required\">\n\t\t\t\t\t\t\t\t\t\t\t<\/div>\n\t\t\t\t\t\t\t\t<div class=\"elementor-field-type-email elementor-field-group elementor-column elementor-field-group-email elementor-col-100 elementor-field-required\">\n\t\t\t\t\t\t\t\t\t\t\t\t<label for=\"form-field-email\" class=\"elementor-field-label elementor-screen-only\">\n\t\t\t\t\t\t\t\tE-mail\t\t\t\t\t\t\t<\/label>\n\t\t\t\t\t\t\t\t\t\t\t\t\t\t<input size=\"1\" type=\"email\" name=\"form_fields[email]\" id=\"form-field-email\" class=\"elementor-field elementor-size-md  elementor-field-textual\" placeholder=\"Seu E-mail\" required=\"required\">\n\t\t\t\t\t\t\t\t\t\t\t<\/div>\n\t\t\t\t\t\t\t\t<div class=\"elementor-field-type-tel elementor-field-group elementor-column elementor-field-group-field_a5e6ded elementor-col-100 elementor-field-required\">\n\t\t\t\t\t\t\t\t\t\t\t\t<label for=\"form-field-field_a5e6ded\" class=\"elementor-field-label elementor-screen-only\">\n\t\t\t\t\t\t\t\tSeu Telefone\t\t\t\t\t\t\t<\/label>\n\t\t\t\t\t\t\t\t<input size=\"1\" type=\"tel\" name=\"form_fields[field_a5e6ded]\" id=\"form-field-field_a5e6ded\" class=\"elementor-field elementor-size-md  elementor-field-textual\" placeholder=\"Seu Telefone\" required=\"required\" pattern=\"[0-9()#&amp;+*-=.]+\" title=\"Apenas n\u00fameros e caracteres de telefone (#, -, *, etc.) s\u00e3o aceitos.\">\n\n\t\t\t\t\t\t<\/div>\n\t\t\t\t\t\t\t\t<div class=\"elementor-field-type-select elementor-field-group elementor-column elementor-field-group-field_e019aee elementor-col-100\">\n\t\t\t\t\t\t\t\t\t\t\t\t<label for=\"form-field-field_e019aee\" class=\"elementor-field-label elementor-screen-only\">\n\t\t\t\t\t\t\t\t\u00c1rea de interesse\t\t\t\t\t\t\t<\/label>\n\t\t\t\t\t\t\t\t<div class=\"elementor-field elementor-select-wrapper remove-before \">\n\t\t\t<div class=\"select-caret-down-wrapper\">\n\t\t\t\t<i aria-hidden=\"true\" class=\"eicon-caret-down\"><\/i>\t\t\t<\/div>\n\t\t\t<select name=\"form_fields[field_e019aee]\" id=\"form-field-field_e019aee\" class=\"elementor-field-textual elementor-size-md\">\n\t\t\t\t\t\t\t\t\t<option value=\"Preditiva\">Preditiva<\/option>\n\t\t\t\t\t\t\t\t\t<option value=\"Portal de compras Usemol\">Portal de compras Usemol<\/option>\n\t\t\t\t\t\t\t\t\t<option value=\"CMMS MANTec\">CMMS MANTec<\/option>\n\t\t\t\t\t\t\t\t\t<option value=\"Outros\">Outros<\/option>\n\t\t\t\t\t\t\t<\/select>\n\t\t<\/div>\n\t\t\t\t\t\t<\/div>\n\t\t\t\t\t\t\t\t<div class=\"elementor-field-type-textarea elementor-field-group elementor-column elementor-field-group-message elementor-col-100 elementor-field-required\">\n\t\t\t\t\t\t\t\t\t\t\t\t<label for=\"form-field-message\" class=\"elementor-field-label elementor-screen-only\">\n\t\t\t\t\t\t\t\tMensagem\t\t\t\t\t\t\t<\/label>\n\t\t\t\t\t\t<textarea class=\"elementor-field-textual elementor-field  elementor-size-md\" name=\"form_fields[message]\" id=\"form-field-message\" rows=\"4\" placeholder=\"Mensagem\" required=\"required\"><\/textarea>\t\t\t\t<\/div>\n\t\t\t\t\t\t\t\t<div class=\"elementor-field-type-text\">\n\t\t\t\t\t<input size=\"1\" type=\"text\" name=\"form_fields[field_54d0ff1]\" id=\"form-field-field_54d0ff1\" class=\"elementor-field elementor-size-md \" style=\"display:none !important;\">\t\t\t\t<\/div>\n\t\t\t\t\t\t\t\t<div class=\"elementor-field-type-recaptcha_v3 elementor-field-group elementor-column elementor-field-group-field_e7879ce elementor-col-100 recaptcha_v3-bottomleft\">\n\t\t\t\t\t<div class=\"elementor-field\" id=\"form-field-field_e7879ce\"><div class=\"elementor-g-recaptcha\" data-sitekey=\"6Ld7KfEjAAAAADVpm3N20txcv98oeujSJZATW4t0\" data-type=\"v3\" data-action=\"Form\" data-badge=\"bottomleft\" data-size=\"invisible\"><\/div><\/div>\t\t\t\t<\/div>\n\t\t\t\t\t\t\t\t<div class=\"elementor-field-group elementor-column elementor-field-type-submit elementor-col-100 e-form__buttons\">\n\t\t\t\t\t<button class=\"elementor-button elementor-size-sm elementor-animation-bob\" type=\"submit\">\n\t\t\t\t\t\t<span class=\"elementor-button-content-wrapper\">\n\t\t\t\t\t\t\t\t\t\t\t\t\t\t\t\t\t\t\t\t\t\t<span class=\"elementor-button-text\">Enviar Mensagem<\/span>\n\t\t\t\t\t\t\t\t\t\t\t\t\t<\/span>\n\t\t\t\t\t<\/button>\n\t\t\t\t<\/div>\n\t\t\t<\/div>\n\t\t<\/form>\n\t\t\t\t\t\t<\/div>\n\t\t\t\t<\/div>\n\t\t\t\t<\/div>\n\t\t<div class=\"elementor-element elementor-element-4f9803a e-con-full e-flex e-con e-child\" data-id=\"4f9803a\" data-element_type=\"container\" data-e-type=\"container\" data-settings=\"{&quot;background_background&quot;:&quot;classic&quot;,&quot;jet_parallax_layout_list&quot;:[]}\">\n\t\t\t\t<div class=\"elementor-element elementor-element-58843e7 elementor-widget elementor-widget-image\" data-id=\"58843e7\" data-element_type=\"widget\" data-e-type=\"widget\" data-widget_type=\"image.default\">\n\t\t\t\t<div class=\"elementor-widget-container\">\n\t\t\t\t\t\t\t\t\t\t\t\t\t\t\t<img fetchpriority=\"high\" decoding=\"async\" width=\"567\" height=\"485\" src=\"https:\/\/semapi.com.br\/wp-content\/uploads\/2022\/10\/fale-conosco-02.webp\" class=\"attachment-full size-full wp-image-1242\" alt=\"fale conosco\" srcset=\"https:\/\/semapi.com.br\/wp-content\/uploads\/2022\/10\/fale-conosco-02.webp 567w, https:\/\/semapi.com.br\/wp-content\/uploads\/2022\/10\/fale-conosco-02-300x257.webp 300w\" sizes=\"(max-width: 567px) 100vw, 567px\" \/>\t\t\t\t\t\t\t\t\t\t\t\t\t\t\t<\/div>\n\t\t\t\t<\/div>\n\t\t\t\t<div class=\"elementor-element elementor-element-aabed33 elementor-widget elementor-widget-image\" data-id=\"aabed33\" data-element_type=\"widget\" data-e-type=\"widget\" data-widget_type=\"image.default\">\n\t\t\t\t<div class=\"elementor-widget-container\">\n\t\t\t\t\t\t\t\t\t\t\t\t\t\t\t<img decoding=\"async\" width=\"488\" height=\"25\" src=\"https:\/\/semapi.com.br\/wp-content\/uploads\/2020\/02\/linha-transversal.svg\" class=\"attachment-large size-large wp-image-241\" alt=\"linha transversal\" \/>\t\t\t\t\t\t\t\t\t\t\t\t\t\t\t<\/div>\n\t\t\t\t<\/div>\n\t\t<div class=\"elementor-element elementor-element-4bef22a e-flex e-con-boxed e-con e-child\" data-id=\"4bef22a\" data-element_type=\"container\" data-e-type=\"container\" data-settings=\"{&quot;jet_parallax_layout_list&quot;:[]}\">\n\t\t\t\t\t<div class=\"e-con-inner\">\n\t\t\t\t<div class=\"elementor-element elementor-element-aaed55f elementor-widget elementor-widget-heading\" data-id=\"aaed55f\" data-element_type=\"widget\" data-e-type=\"widget\" data-widget_type=\"heading.default\">\n\t\t\t\t<div class=\"elementor-widget-container\">\n\t\t\t\t\t<h2 class=\"elementor-heading-title elementor-size-default\">Fale com a Semapi<\/h2>\t\t\t\t<\/div>\n\t\t\t\t<\/div>\n\t\t\t\t<div class=\"elementor-element elementor-element-7627145 elementor-mobile-align-center elementor-icon-list--layout-traditional elementor-list-item-link-full_width elementor-widget elementor-widget-icon-list\" data-id=\"7627145\" data-element_type=\"widget\" data-e-type=\"widget\" data-widget_type=\"icon-list.default\">\n\t\t\t\t<div class=\"elementor-widget-container\">\n\t\t\t\t\t\t\t<ul class=\"elementor-icon-list-items\">\n\t\t\t\t\t\t\t<li class=\"elementor-icon-list-item\">\n\t\t\t\t\t\t\t\t\t\t\t<a href=\"tel:1121444300\">\n\n\t\t\t\t\t\t\t\t\t\t\t<span class=\"elementor-icon-list-text\">+ 55 (11) 2144-4300 - Sede Semapi<\/span>\n\t\t\t\t\t\t\t\t\t\t\t<\/a>\n\t\t\t\t\t\t\t\t\t<\/li>\n\t\t\t\t\t\t\t\t<li class=\"elementor-icon-list-item\">\n\t\t\t\t\t\t\t\t\t\t\t<a href=\"tel:1121444301\">\n\n\t\t\t\t\t\t\t\t\t\t\t<span class=\"elementor-icon-list-text\">+ 55 (11) 2144-4301 - Comercial Servi\u00e7os<\/span>\n\t\t\t\t\t\t\t\t\t\t\t<\/a>\n\t\t\t\t\t\t\t\t\t<\/li>\n\t\t\t\t\t\t\t\t<li class=\"elementor-icon-list-item\">\n\t\t\t\t\t\t\t\t\t\t\t<a href=\"tel:1121444326\">\n\n\t\t\t\t\t\t\t\t\t\t\t<span class=\"elementor-icon-list-text\">+ 55 (11) 2144-4326 -  Pr\u00e9 venda<\/span>\n\t\t\t\t\t\t\t\t\t\t\t<\/a>\n\t\t\t\t\t\t\t\t\t<\/li>\n\t\t\t\t\t\t<\/ul>\n\t\t\t\t\t\t<\/div>\n\t\t\t\t<\/div>\n\t\t\t\t<div class=\"elementor-element elementor-element-66de202 elementor-widget elementor-widget-heading\" data-id=\"66de202\" data-element_type=\"widget\" data-e-type=\"widget\" data-widget_type=\"heading.default\">\n\t\t\t\t<div class=\"elementor-widget-container\">\n\t\t\t\t\t<h2 class=\"elementor-heading-title elementor-size-default\">Endere\u00e7o<\/h2>\t\t\t\t<\/div>\n\t\t\t\t<\/div>\n\t\t\t\t<div class=\"elementor-element elementor-element-e4e9fa5 elementor-mobile-align-center elementor-icon-list--layout-traditional elementor-list-item-link-full_width elementor-widget elementor-widget-icon-list\" data-id=\"e4e9fa5\" data-element_type=\"widget\" data-e-type=\"widget\" data-widget_type=\"icon-list.default\">\n\t\t\t\t<div class=\"elementor-widget-container\">\n\t\t\t\t\t\t\t<ul class=\"elementor-icon-list-items\">\n\t\t\t\t\t\t\t<li class=\"elementor-icon-list-item\">\n\t\t\t\t\t\t\t\t\t\t\t<a href=\"https:\/\/goo.gl\/maps\/4kt8bE79CGLo7S8d6\" target=\"_blank\">\n\n\t\t\t\t\t\t\t\t\t\t\t<span class=\"elementor-icon-list-text\">Al. Santos, 1787 - 1 andar <br>CEP: 01419-100 - S\u00e3o Paulo\/SP<\/span>\n\t\t\t\t\t\t\t\t\t\t\t<\/a>\n\t\t\t\t\t\t\t\t\t<\/li>\n\t\t\t\t\t\t<\/ul>\n\t\t\t\t\t\t<\/div>\n\t\t\t\t<\/div>\n\t\t\t\t\t<\/div>\n\t\t\t\t<\/div>\n\t\t\t\t<\/div>\n\t\t\t\t\t<\/div>\n\t\t\t\t<\/div>\n\t\t<div class=\"elementor-element elementor-element-7f0eaa6 e-con-full e-flex e-con e-parent\" data-id=\"7f0eaa6\" data-element_type=\"container\" data-e-type=\"container\" data-settings=\"{&quot;jet_parallax_layout_list&quot;:[]}\">\n\t\t\t\t<div class=\"elementor-element elementor-element-a4fae14 elementor-widget elementor-widget-google_maps\" data-id=\"a4fae14\" data-element_type=\"widget\" data-e-type=\"widget\" data-widget_type=\"google_maps.default\">\n\t\t\t\t<div class=\"elementor-widget-container\">\n\t\t\t\t\t\t\t<div class=\"elementor-custom-embed\">\n\t\t\t<iframe loading=\"lazy\"\n\t\t\t\t\tsrc=\"https:\/\/maps.google.com\/maps?q=Al.%20Santos%2C%201787%20-%201%20andar%20CEP%3A%2001419-100%20-%20S%C3%A3o%20Paulo%2FSP&#038;t=m&#038;z=10&#038;output=embed&#038;iwloc=near\"\n\t\t\t\t\ttitle=\"Al. Santos, 1787 - 1 andar CEP: 01419-100 - S\u00e3o Paulo\/SP\"\n\t\t\t\t\taria-label=\"Al. Santos, 1787 - 1 andar CEP: 01419-100 - S\u00e3o Paulo\/SP\"\n\t\t\t><\/iframe>\n\t\t<\/div>\n\t\t\t\t\t\t<\/div>\n\t\t\t\t<\/div>\n\t\t\t\t<\/div>\n\t\t<div class=\"elementor-element elementor-element-b201912 e-flex e-con-boxed e-con e-parent\" data-id=\"b201912\" data-element_type=\"container\" data-e-type=\"container\" data-settings=\"{&quot;jet_parallax_layout_list&quot;:[]}\">\n\t\t\t\t\t<div class=\"e-con-inner\">\n\t\t\t\t<div class=\"elementor-element elementor-element-e23b11f elementor-widget elementor-widget-heading\" data-id=\"e23b11f\" data-element_type=\"widget\" data-e-type=\"widget\" data-widget_type=\"heading.default\">\n\t\t\t\t<div class=\"elementor-widget-container\">\n\t\t\t\t\t<h2 class=\"elementor-heading-title elementor-size-default\">Suporte T\u00e9cnico<\/h2>\t\t\t\t<\/div>\n\t\t\t\t<\/div>\n\t\t<div class=\"elementor-element elementor-element-6fd1be8 e-con-full e-flex e-con e-child\" data-id=\"6fd1be8\" data-element_type=\"container\" data-e-type=\"container\" data-settings=\"{&quot;jet_parallax_layout_list&quot;:[]}\">\n\t\t<div class=\"elementor-element elementor-element-436aca7 e-con-full e-flex e-con e-child\" data-id=\"436aca7\" data-element_type=\"container\" data-e-type=\"container\" data-settings=\"{&quot;jet_parallax_layout_list&quot;:[]}\">\n\t\t\t\t<div class=\"elementor-element elementor-element-1a22517 elementor-widget elementor-widget-image\" data-id=\"1a22517\" data-element_type=\"widget\" data-e-type=\"widget\" data-widget_type=\"image.default\">\n\t\t\t\t<div class=\"elementor-widget-container\">\n\t\t\t\t\t\t\t\t\t\t\t\t\t\t\t<img decoding=\"async\" width=\"251\" height=\"39\" src=\"https:\/\/semapi.com.br\/wp-content\/uploads\/2022\/10\/mantec-logo.png\" class=\"attachment-large size-large wp-image-1079\" alt=\"mantec logo\" \/>\t\t\t\t\t\t\t\t\t\t\t\t\t\t\t<\/div>\n\t\t\t\t<\/div>\n\t\t\t\t<div class=\"elementor-element elementor-element-ae14c2a elementor-widget elementor-widget-heading\" data-id=\"ae14c2a\" data-element_type=\"widget\" data-e-type=\"widget\" data-widget_type=\"heading.default\">\n\t\t\t\t<div class=\"elementor-widget-container\">\n\t\t\t\t\t<h2 class=\"elementor-heading-title elementor-size-default\">Atendimento Mantec<\/h2>\t\t\t\t<\/div>\n\t\t\t\t<\/div>\n\t\t\t\t<div class=\"elementor-element elementor-element-0bed4f7 elementor-mobile-align-center elementor-icon-list--layout-traditional elementor-list-item-link-full_width elementor-widget elementor-widget-icon-list\" data-id=\"0bed4f7\" data-element_type=\"widget\" data-e-type=\"widget\" data-widget_type=\"icon-list.default\">\n\t\t\t\t<div class=\"elementor-widget-container\">\n\t\t\t\t\t\t\t<ul class=\"elementor-icon-list-items\">\n\t\t\t\t\t\t\t<li class=\"elementor-icon-list-item\">\n\t\t\t\t\t\t\t\t\t\t\t<a href=\"tel:1121444330\">\n\n\t\t\t\t\t\t\t\t\t\t\t<span class=\"elementor-icon-list-text\">Suporte t\u00e9cnico: + 55 (11) 2144-4330<\/span>\n\t\t\t\t\t\t\t\t\t\t\t<\/a>\n\t\t\t\t\t\t\t\t\t<\/li>\n\t\t\t\t\t\t<\/ul>\n\t\t\t\t\t\t<\/div>\n\t\t\t\t<\/div>\n\t\t\t\t<\/div>\n\t\t<div class=\"elementor-element elementor-element-1bb467a e-con-full e-flex e-con e-child\" data-id=\"1bb467a\" data-element_type=\"container\" data-e-type=\"container\" data-settings=\"{&quot;jet_parallax_layout_list&quot;:[]}\">\n\t\t\t\t<\/div>\n\t\t\t\t<\/div>\n\t\t\t\t\t<\/div>\n\t\t\t\t<\/div>\n\t\t\t\t<\/div>\n\t\t","protected":false},"excerpt":{"rendered":"<p>Entre em contato com a Semapi e coloque mais tecnologia em sua empresa Envie seus dados e conte-nos quais s\u00e3o as solu\u00e7\u00f5es de seu interesse. Teremos o prazer de atend\u00ea-lo prontamente. Fale com a Semapi Fale com a Semapi + 55 (11) 2144-4300 &#8211; Sede Semapi + 55 (11) 2144-4301 &#8211; Comercial Servi\u00e7os + 55 [&hellip;]<\/p>\n","protected":false},"author":22,"featured_media":0,"parent":0,"menu_order":0,"comment_status":"closed","ping_status":"closed","template":"elementor_header_footer","meta":{"_monsterinsights_skip_tracking":false,"_monsterinsights_sitenote_active":false,"_monsterinsights_sitenote_note":"","_monsterinsights_sitenote_category":0,"iawp_total_views":3990,"footnotes":""},"class_list":["post-454","page","type-page","status-publish","hentry"],"featured_image_src":null,"yoast_head":"<!-- This site is optimized with the Yoast SEO plugin v27.4 - https:\/\/yoast.com\/product\/yoast-seo-wordpress\/ -->\n<title>Fale Conosco | Semapi<\/title>\n<meta name=\"description\" content=\"Fale com a Semapi para saber mais sobre nossos produtos e solu\u00e7\u00f5es, ou envie suas sugest\u00f5es para n\u00f3s. Atendemos em hor\u00e1rio comercial.\" \/>\n<meta name=\"robots\" content=\"index, follow, max-snippet:-1, max-image-preview:large, max-video-preview:-1\" \/>\n<link rel=\"canonical\" href=\"https:\/\/semapi.com.br\/es\/fale-conosco\/\" \/>\n<meta property=\"og:locale\" content=\"es_ES\" \/>\n<meta property=\"og:type\" content=\"article\" \/>\n<meta property=\"og:title\" content=\"Fale Conosco | Semapi\" \/>\n<meta property=\"og:description\" content=\"Fale com a Semapi para saber mais sobre nossos produtos e solu\u00e7\u00f5es, ou envie suas sugest\u00f5es para n\u00f3s. Atendemos em hor\u00e1rio comercial.\" \/>\n<meta property=\"og:url\" content=\"https:\/\/semapi.com.br\/es\/fale-conosco\/\" \/>\n<meta property=\"og:site_name\" content=\"SEMAPI\" \/>\n<meta property=\"article:modified_time\" content=\"2026-03-13T18:25:04+00:00\" \/>\n<meta property=\"og:image\" content=\"https:\/\/semapi.com.br\/wp-content\/uploads\/2022\/10\/fale-conosco-02.webp\" \/>\n\t<meta property=\"og:image:width\" content=\"567\" \/>\n\t<meta property=\"og:image:height\" content=\"485\" \/>\n\t<meta property=\"og:image:type\" content=\"image\/webp\" \/>\n<meta name=\"twitter:card\" content=\"summary_large_image\" \/>\n<meta name=\"twitter:label1\" content=\"Tiempo de lectura\" \/>\n\t<meta name=\"twitter:data1\" content=\"2 minutos\" \/>\n<script type=\"application\/ld+json\" class=\"yoast-schema-graph\">{\"@context\":\"https:\\\/\\\/schema.org\",\"@graph\":[{\"@type\":\"WebPage\",\"@id\":\"https:\\\/\\\/semapi.com.br\\\/fale-conosco\\\/\",\"url\":\"https:\\\/\\\/semapi.com.br\\\/fale-conosco\\\/\",\"name\":\"Fale Conosco | Semapi\",\"isPartOf\":{\"@id\":\"https:\\\/\\\/semapi.com.br\\\/#website\"},\"primaryImageOfPage\":{\"@id\":\"https:\\\/\\\/semapi.com.br\\\/fale-conosco\\\/#primaryimage\"},\"image\":{\"@id\":\"https:\\\/\\\/semapi.com.br\\\/fale-conosco\\\/#primaryimage\"},\"thumbnailUrl\":\"https:\\\/\\\/semapi.com.br\\\/wp-content\\\/uploads\\\/2022\\\/10\\\/fale-conosco-02.webp\",\"datePublished\":\"2022-10-16T20:09:23+00:00\",\"dateModified\":\"2026-03-13T18:25:04+00:00\",\"description\":\"Fale com a Semapi para saber mais sobre nossos produtos e solu\u00e7\u00f5es, ou envie suas sugest\u00f5es para n\u00f3s. Atendemos em hor\u00e1rio comercial.\",\"inLanguage\":\"es\",\"potentialAction\":[{\"@type\":\"ReadAction\",\"target\":[\"https:\\\/\\\/semapi.com.br\\\/fale-conosco\\\/\"]}]},{\"@type\":\"ImageObject\",\"inLanguage\":\"es\",\"@id\":\"https:\\\/\\\/semapi.com.br\\\/fale-conosco\\\/#primaryimage\",\"url\":\"https:\\\/\\\/semapi.com.br\\\/wp-content\\\/uploads\\\/2022\\\/10\\\/fale-conosco-02.webp\",\"contentUrl\":\"https:\\\/\\\/semapi.com.br\\\/wp-content\\\/uploads\\\/2022\\\/10\\\/fale-conosco-02.webp\"},{\"@type\":\"WebSite\",\"@id\":\"https:\\\/\\\/semapi.com.br\\\/#website\",\"url\":\"https:\\\/\\\/semapi.com.br\\\/\",\"name\":\"SEMAPI\",\"description\":\"\",\"publisher\":{\"@id\":\"https:\\\/\\\/semapi.com.br\\\/#organization\"},\"potentialAction\":[{\"@type\":\"SearchAction\",\"target\":{\"@type\":\"EntryPoint\",\"urlTemplate\":\"https:\\\/\\\/semapi.com.br\\\/?s={search_term_string}\"},\"query-input\":{\"@type\":\"PropertyValueSpecification\",\"valueRequired\":true,\"valueName\":\"search_term_string\"}}],\"inLanguage\":\"es\"},{\"@type\":\"Organization\",\"@id\":\"https:\\\/\\\/semapi.com.br\\\/#organization\",\"name\":\"SEMAPI\",\"url\":\"https:\\\/\\\/semapi.com.br\\\/\",\"logo\":{\"@type\":\"ImageObject\",\"inLanguage\":\"es\",\"@id\":\"https:\\\/\\\/semapi.com.br\\\/#\\\/schema\\\/logo\\\/image\\\/\",\"url\":\"https:\\\/\\\/semapi.com.br\\\/wp-content\\\/uploads\\\/2020\\\/02\\\/Semapi-Logo.png\",\"contentUrl\":\"https:\\\/\\\/semapi.com.br\\\/wp-content\\\/uploads\\\/2020\\\/02\\\/Semapi-Logo.png\",\"width\":179,\"height\":56,\"caption\":\"SEMAPI\"},\"image\":{\"@id\":\"https:\\\/\\\/semapi.com.br\\\/#\\\/schema\\\/logo\\\/image\\\/\"}}]}<\/script>\n<!-- \/ Yoast SEO plugin. -->","yoast_head_json":{"title":"Fale Conosco | Semapi","description":"Fale com a Semapi para saber mais sobre nossos produtos e solu\u00e7\u00f5es, ou envie suas sugest\u00f5es para n\u00f3s. Atendemos em hor\u00e1rio comercial.","robots":{"index":"index","follow":"follow","max-snippet":"max-snippet:-1","max-image-preview":"max-image-preview:large","max-video-preview":"max-video-preview:-1"},"canonical":"https:\/\/semapi.com.br\/es\/fale-conosco\/","og_locale":"es_ES","og_type":"article","og_title":"Fale Conosco | Semapi","og_description":"Fale com a Semapi para saber mais sobre nossos produtos e solu\u00e7\u00f5es, ou envie suas sugest\u00f5es para n\u00f3s. Atendemos em hor\u00e1rio comercial.","og_url":"https:\/\/semapi.com.br\/es\/fale-conosco\/","og_site_name":"SEMAPI","article_modified_time":"2026-03-13T18:25:04+00:00","og_image":[{"width":567,"height":485,"url":"https:\/\/semapi.com.br\/wp-content\/uploads\/2022\/10\/fale-conosco-02.webp","type":"image\/webp"}],"twitter_card":"summary_large_image","twitter_misc":{"Tiempo de lectura":"2 minutos"},"schema":{"@context":"https:\/\/schema.org","@graph":[{"@type":"WebPage","@id":"https:\/\/semapi.com.br\/fale-conosco\/","url":"https:\/\/semapi.com.br\/fale-conosco\/","name":"Fale Conosco | Semapi","isPartOf":{"@id":"https:\/\/semapi.com.br\/#website"},"primaryImageOfPage":{"@id":"https:\/\/semapi.com.br\/fale-conosco\/#primaryimage"},"image":{"@id":"https:\/\/semapi.com.br\/fale-conosco\/#primaryimage"},"thumbnailUrl":"https:\/\/semapi.com.br\/wp-content\/uploads\/2022\/10\/fale-conosco-02.webp","datePublished":"2022-10-16T20:09:23+00:00","dateModified":"2026-03-13T18:25:04+00:00","description":"Fale com a Semapi para saber mais sobre nossos produtos e solu\u00e7\u00f5es, ou envie suas sugest\u00f5es para n\u00f3s. Atendemos em hor\u00e1rio comercial.","inLanguage":"es","potentialAction":[{"@type":"ReadAction","target":["https:\/\/semapi.com.br\/fale-conosco\/"]}]},{"@type":"ImageObject","inLanguage":"es","@id":"https:\/\/semapi.com.br\/fale-conosco\/#primaryimage","url":"https:\/\/semapi.com.br\/wp-content\/uploads\/2022\/10\/fale-conosco-02.webp","contentUrl":"https:\/\/semapi.com.br\/wp-content\/uploads\/2022\/10\/fale-conosco-02.webp"},{"@type":"WebSite","@id":"https:\/\/semapi.com.br\/#website","url":"https:\/\/semapi.com.br\/","name":"SEMAPI","description":"","publisher":{"@id":"https:\/\/semapi.com.br\/#organization"},"potentialAction":[{"@type":"SearchAction","target":{"@type":"EntryPoint","urlTemplate":"https:\/\/semapi.com.br\/?s={search_term_string}"},"query-input":{"@type":"PropertyValueSpecification","valueRequired":true,"valueName":"search_term_string"}}],"inLanguage":"es"},{"@type":"Organization","@id":"https:\/\/semapi.com.br\/#organization","name":"SEMAPI","url":"https:\/\/semapi.com.br\/","logo":{"@type":"ImageObject","inLanguage":"es","@id":"https:\/\/semapi.com.br\/#\/schema\/logo\/image\/","url":"https:\/\/semapi.com.br\/wp-content\/uploads\/2020\/02\/Semapi-Logo.png","contentUrl":"https:\/\/semapi.com.br\/wp-content\/uploads\/2020\/02\/Semapi-Logo.png","width":179,"height":56,"caption":"SEMAPI"},"image":{"@id":"https:\/\/semapi.com.br\/#\/schema\/logo\/image\/"}}]}},"_links":{"self":[{"href":"https:\/\/semapi.com.br\/es\/wp-json\/wp\/v2\/pages\/454","targetHints":{"allow":["GET"]}}],"collection":[{"href":"https:\/\/semapi.com.br\/es\/wp-json\/wp\/v2\/pages"}],"about":[{"href":"https:\/\/semapi.com.br\/es\/wp-json\/wp\/v2\/types\/page"}],"author":[{"embeddable":true,"href":"https:\/\/semapi.com.br\/es\/wp-json\/wp\/v2\/users\/22"}],"replies":[{"embeddable":true,"href":"https:\/\/semapi.com.br\/es\/wp-json\/wp\/v2\/comments?post=454"}],"version-history":[{"count":48,"href":"https:\/\/semapi.com.br\/es\/wp-json\/wp\/v2\/pages\/454\/revisions"}],"predecessor-version":[{"id":5464,"href":"https:\/\/semapi.com.br\/es\/wp-json\/wp\/v2\/pages\/454\/revisions\/5464"}],"wp:attachment":[{"href":"https:\/\/semapi.com.br\/es\/wp-json\/wp\/v2\/media?parent=454"}],"curies":[{"name":"wp","href":"https:\/\/api.w.org\/{rel}","templated":true}]}}