{"id":4842,"date":"2025-11-25T14:54:06","date_gmt":"2025-11-25T17:54:06","guid":{"rendered":"https:\/\/semapi.com.br\/?page_id=4842"},"modified":"2026-03-27T15:00:36","modified_gmt":"2026-03-27T18:00:36","slug":"area-do-parceiro","status":"publish","type":"page","link":"https:\/\/semapi.com.br\/en\/usemol\/area-do-parceiro\/","title":{"rendered":"\u00c1rea do parceiro"},"content":{"rendered":"<div class=\"members-access-error\">\n<h1><\/h1>\n<h1 style=\"text-align: center\"><strong>Desculpe, mas voc\u00ea n\u00e3o tem acesso \u00e0 essa p\u00e1gina \ud83d\ude41<\/strong><\/h1>\n<p style=\"text-align: center\"><a href=\"https:\/\/semapi.com.br\/en\/usemol\/login-area-do-representante\/\">Fa\u00e7a login para continuar<\/a><\/p>\n<p>&nbsp;<\/p><\/div>","protected":false},"excerpt":{"rendered":"<div class=\"members-access-error\">\n<h1><\/h1>\n<h1 style=\"text-align: center\"><strong>Desculpe, mas voc\u00ea n\u00e3o tem acesso \u00e0 essa p\u00e1gina \ud83d\ude41<\/strong><\/h1>\n<p style=\"text-align: center\"><a href=\"https:\/\/semapi.com.br\/en\/usemol\/login-area-do-representante\/\">Fa\u00e7a login para continuar<\/a><\/p>\n<p>&nbsp;<\/p><\/div>","protected":false},"author":22,"featured_media":0,"parent":1177,"menu_order":0,"comment_status":"closed","ping_status":"closed","template":"elementor_header_footer","meta":{"_monsterinsights_skip_tracking":false,"_monsterinsights_sitenote_active":false,"_monsterinsights_sitenote_note":"","_monsterinsights_sitenote_category":0,"iawp_total_views":23,"footnotes":""},"class_list":["post-4842","page","type-page","status-publish","hentry"],"featured_image_src":null,"yoast_head":"<!-- This site is optimized with the Yoast SEO plugin v27.4 - https:\/\/yoast.com\/product\/yoast-seo-wordpress\/ -->\n<title>Area do Parceiro | USEMOL<\/title>\n<meta name=\"description\" content=\"Venha trabalhar com a Semapi e fa\u00e7a parte da revolu\u00e7\u00e3o tecnologica em gest\u00e3o e manuten\u00e7\u00e3o preditiva e corporativa.\" \/>\n<meta name=\"robots\" content=\"index, follow, max-snippet:-1, max-image-preview:large, max-video-preview:-1\" \/>\n<link rel=\"canonical\" href=\"https:\/\/semapi.com.br\/en\/usemol\/area-do-parceiro\/\" \/>\n<meta property=\"og:locale\" content=\"en_US\" \/>\n<meta property=\"og:type\" content=\"article\" \/>\n<meta property=\"og:title\" content=\"Area do Parceiro | USEMOL\" \/>\n<meta property=\"og:description\" content=\"Venha trabalhar com a Semapi e fa\u00e7a parte da revolu\u00e7\u00e3o tecnologica em gest\u00e3o e manuten\u00e7\u00e3o preditiva e corporativa.\" \/>\n<meta property=\"og:url\" content=\"https:\/\/semapi.com.br\/en\/usemol\/area-do-parceiro\/\" \/>\n<meta property=\"og:site_name\" content=\"SEMAPI\" \/>\n<meta property=\"article:modified_time\" content=\"2026-03-27T18:00:36+00:00\" \/>\n<meta name=\"twitter:card\" content=\"summary_large_image\" \/>\n<meta name=\"twitter:label1\" content=\"Est. reading time\" \/>\n\t<meta name=\"twitter:data1\" content=\"2 minutes\" \/>\n<script type=\"application\/ld+json\" class=\"yoast-schema-graph\">{\"@context\":\"https:\\\/\\\/schema.org\",\"@graph\":[{\"@type\":\"WebPage\",\"@id\":\"https:\\\/\\\/semapi.com.br\\\/usemol\\\/area-do-parceiro\\\/\",\"url\":\"https:\\\/\\\/semapi.com.br\\\/usemol\\\/area-do-parceiro\\\/\",\"name\":\"Area do Parceiro | USEMOL\",\"isPartOf\":{\"@id\":\"https:\\\/\\\/semapi.com.br\\\/#website\"},\"datePublished\":\"2025-11-25T17:54:06+00:00\",\"dateModified\":\"2026-03-27T18:00:36+00:00\",\"description\":\"Venha trabalhar com a Semapi e fa\u00e7a parte da revolu\u00e7\u00e3o tecnologica em gest\u00e3o e manuten\u00e7\u00e3o preditiva e corporativa.\",\"breadcrumb\":{\"@id\":\"https:\\\/\\\/semapi.com.br\\\/usemol\\\/area-do-parceiro\\\/#breadcrumb\"},\"inLanguage\":\"en-US\",\"potentialAction\":[{\"@type\":\"ReadAction\",\"target\":[\"https:\\\/\\\/semapi.com.br\\\/usemol\\\/area-do-parceiro\\\/\"]}]},{\"@type\":\"BreadcrumbList\",\"@id\":\"https:\\\/\\\/semapi.com.br\\\/usemol\\\/area-do-parceiro\\\/#breadcrumb\",\"itemListElement\":[{\"@type\":\"ListItem\",\"position\":1,\"name\":\"Usemol\",\"item\":\"https:\\\/\\\/semapi.com.br\\\/usemol\\\/\"},{\"@type\":\"ListItem\",\"position\":2,\"name\":\"\u00c1rea do parceiro\"}]},{\"@type\":\"WebSite\",\"@id\":\"https:\\\/\\\/semapi.com.br\\\/#website\",\"url\":\"https:\\\/\\\/semapi.com.br\\\/\",\"name\":\"SEMAPI\",\"description\":\"\",\"publisher\":{\"@id\":\"https:\\\/\\\/semapi.com.br\\\/#organization\"},\"potentialAction\":[{\"@type\":\"SearchAction\",\"target\":{\"@type\":\"EntryPoint\",\"urlTemplate\":\"https:\\\/\\\/semapi.com.br\\\/?s={search_term_string}\"},\"query-input\":{\"@type\":\"PropertyValueSpecification\",\"valueRequired\":true,\"valueName\":\"search_term_string\"}}],\"inLanguage\":\"en-US\"},{\"@type\":\"Organization\",\"@id\":\"https:\\\/\\\/semapi.com.br\\\/#organization\",\"name\":\"SEMAPI\",\"url\":\"https:\\\/\\\/semapi.com.br\\\/\",\"logo\":{\"@type\":\"ImageObject\",\"inLanguage\":\"en-US\",\"@id\":\"https:\\\/\\\/semapi.com.br\\\/#\\\/schema\\\/logo\\\/image\\\/\",\"url\":\"https:\\\/\\\/semapi.com.br\\\/wp-content\\\/uploads\\\/2020\\\/02\\\/Semapi-Logo.png\",\"contentUrl\":\"https:\\\/\\\/semapi.com.br\\\/wp-content\\\/uploads\\\/2020\\\/02\\\/Semapi-Logo.png\",\"width\":179,\"height\":56,\"caption\":\"SEMAPI\"},\"image\":{\"@id\":\"https:\\\/\\\/semapi.com.br\\\/#\\\/schema\\\/logo\\\/image\\\/\"}}]}<\/script>\n<!-- \/ Yoast SEO plugin. -->","yoast_head_json":{"title":"Area do Parceiro | USEMOL","description":"Venha trabalhar com a Semapi e fa\u00e7a parte da revolu\u00e7\u00e3o tecnologica em gest\u00e3o e manuten\u00e7\u00e3o preditiva e corporativa.","robots":{"index":"index","follow":"follow","max-snippet":"max-snippet:-1","max-image-preview":"max-image-preview:large","max-video-preview":"max-video-preview:-1"},"canonical":"https:\/\/semapi.com.br\/en\/usemol\/area-do-parceiro\/","og_locale":"en_US","og_type":"article","og_title":"Area do Parceiro | USEMOL","og_description":"Venha trabalhar com a Semapi e fa\u00e7a parte da revolu\u00e7\u00e3o tecnologica em gest\u00e3o e manuten\u00e7\u00e3o preditiva e corporativa.","og_url":"https:\/\/semapi.com.br\/en\/usemol\/area-do-parceiro\/","og_site_name":"SEMAPI","article_modified_time":"2026-03-27T18:00:36+00:00","twitter_card":"summary_large_image","twitter_misc":{"Est. reading time":"2 minutes"},"schema":{"@context":"https:\/\/schema.org","@graph":[{"@type":"WebPage","@id":"https:\/\/semapi.com.br\/usemol\/area-do-parceiro\/","url":"https:\/\/semapi.com.br\/usemol\/area-do-parceiro\/","name":"Area do Parceiro | USEMOL","isPartOf":{"@id":"https:\/\/semapi.com.br\/#website"},"datePublished":"2025-11-25T17:54:06+00:00","dateModified":"2026-03-27T18:00:36+00:00","description":"Venha trabalhar com a Semapi e fa\u00e7a parte da revolu\u00e7\u00e3o tecnologica em gest\u00e3o e manuten\u00e7\u00e3o preditiva e corporativa.","breadcrumb":{"@id":"https:\/\/semapi.com.br\/usemol\/area-do-parceiro\/#breadcrumb"},"inLanguage":"en-US","potentialAction":[{"@type":"ReadAction","target":["https:\/\/semapi.com.br\/usemol\/area-do-parceiro\/"]}]},{"@type":"BreadcrumbList","@id":"https:\/\/semapi.com.br\/usemol\/area-do-parceiro\/#breadcrumb","itemListElement":[{"@type":"ListItem","position":1,"name":"Usemol","item":"https:\/\/semapi.com.br\/usemol\/"},{"@type":"ListItem","position":2,"name":"\u00c1rea do parceiro"}]},{"@type":"WebSite","@id":"https:\/\/semapi.com.br\/#website","url":"https:\/\/semapi.com.br\/","name":"SEMAPI","description":"","publisher":{"@id":"https:\/\/semapi.com.br\/#organization"},"potentialAction":[{"@type":"SearchAction","target":{"@type":"EntryPoint","urlTemplate":"https:\/\/semapi.com.br\/?s={search_term_string}"},"query-input":{"@type":"PropertyValueSpecification","valueRequired":true,"valueName":"search_term_string"}}],"inLanguage":"en-US"},{"@type":"Organization","@id":"https:\/\/semapi.com.br\/#organization","name":"SEMAPI","url":"https:\/\/semapi.com.br\/","logo":{"@type":"ImageObject","inLanguage":"en-US","@id":"https:\/\/semapi.com.br\/#\/schema\/logo\/image\/","url":"https:\/\/semapi.com.br\/wp-content\/uploads\/2020\/02\/Semapi-Logo.png","contentUrl":"https:\/\/semapi.com.br\/wp-content\/uploads\/2020\/02\/Semapi-Logo.png","width":179,"height":56,"caption":"SEMAPI"},"image":{"@id":"https:\/\/semapi.com.br\/#\/schema\/logo\/image\/"}}]}},"_links":{"self":[{"href":"https:\/\/semapi.com.br\/en\/wp-json\/wp\/v2\/pages\/4842","targetHints":{"allow":["GET"]}}],"collection":[{"href":"https:\/\/semapi.com.br\/en\/wp-json\/wp\/v2\/pages"}],"about":[{"href":"https:\/\/semapi.com.br\/en\/wp-json\/wp\/v2\/types\/page"}],"author":[{"embeddable":true,"href":"https:\/\/semapi.com.br\/en\/wp-json\/wp\/v2\/users\/22"}],"replies":[{"embeddable":true,"href":"https:\/\/semapi.com.br\/en\/wp-json\/wp\/v2\/comments?post=4842"}],"version-history":[{"count":107,"href":"https:\/\/semapi.com.br\/en\/wp-json\/wp\/v2\/pages\/4842\/revisions"}],"predecessor-version":[{"id":5498,"href":"https:\/\/semapi.com.br\/en\/wp-json\/wp\/v2\/pages\/4842\/revisions\/5498"}],"up":[{"embeddable":true,"href":"https:\/\/semapi.com.br\/en\/wp-json\/wp\/v2\/pages\/1177"}],"wp:attachment":[{"href":"https:\/\/semapi.com.br\/en\/wp-json\/wp\/v2\/media?parent=4842"}],"curies":[{"name":"wp","href":"https:\/\/api.w.org\/{rel}","templated":true}]}}