{"id":2524,"date":"2023-11-27T13:56:40","date_gmt":"2023-11-27T16:56:40","guid":{"rendered":"https:\/\/semapi.com.br\/?page_id=2524"},"modified":"2023-11-27T14:16:20","modified_gmt":"2023-11-27T17:16:20","slug":"politica-de-privacidade-2","status":"publish","type":"page","link":"https:\/\/semapi.com.br\/en\/politica-de-privacidade-2\/","title":{"rendered":"Pol\u00edtica de Privacidade"},"content":{"rendered":"<div data-elementor-type=\"wp-page\" data-elementor-id=\"2524\" class=\"elementor elementor-2524\" data-elementor-post-type=\"page\">\n\t\t\t\t<div class=\"elementor-element elementor-element-35f5398 e-flex e-con-boxed e-con e-parent\" data-id=\"35f5398\" data-element_type=\"container\" data-e-type=\"container\" data-settings=\"{&quot;jet_parallax_layout_list&quot;:[]}\">\n\t\t\t\t\t<div class=\"e-con-inner\">\n\t\t\t\t<div class=\"elementor-element elementor-element-fbc9944 elementor-widget elementor-widget-text-editor\" data-id=\"fbc9944\" data-element_type=\"widget\" data-e-type=\"widget\" data-widget_type=\"text-editor.default\">\n\t\t\t\t<div class=\"elementor-widget-container\">\n\t\t\t\t\t\t\t\t\t<p><b>1. Bem vindo a SEMAPI!<\/b><\/p><p>A SEMAPI preza pela seguran\u00e7a dos seus clientes e tem como premissa a honestidade,\u00a0 transpar\u00eancia e privacidade. Sendo assim, asseguramos a preserva\u00e7\u00e3o de dados de nossos clientes e com isto apresentamos o \u201cTermo de uso e pol\u00edtica de privacidade\u201d de seu site (www.semapi.com.br)\u00a0<span style=\"color: var( --e-global-color-text ); font-family: var( --e-global-typography-text-font-family ), Sans-serif; font-size: var( --e-global-typography-text-font-size ); font-weight: var( --e-global-typography-text-font-weight ); text-align: var(--text-align);\">sempre Com base na Lei Geral de Prote\u00e7\u00e3o de Dados Pessoais (Lei 13.709\/2018) e Marco Civil da Internet (Lei 12.965\/2014).<\/span><\/p><p>\u00a0<\/p><p><b>2. Privacidade<\/b><\/p><p>A SEMAPI entende e respeita sua privacidade e n\u00e3o recolhe nenhum dado sem o seu consentimento.<\/p><p>\u00a0<\/p><p><b>3. Quais dados pessoais coletamos<\/b><\/p><p>O que s\u00e3o cookies?<\/p><p>Cookies s\u00e3o arquivos salvos em seu computador, tablet ou telefone quando voc\u00ea visita um site.<\/p><p>Usamos os cookies necess\u00e1rios para fazer o site funcionar da melhor forma poss\u00edvel e sempre aprimorar os nossos servi\u00e7os.<\/p><p>Alguns cookies s\u00e3o classificados como necess\u00e1rios e permitem as funcionalidades centrais, como seguran\u00e7a, gerenciamento de rede e acessibilidade. Esses cookies podem ser coletados e armazenados assim que voc\u00ea inicia sua navega\u00e7\u00e3o ou quando usa algum recurso que os requer.<\/p><p>A Semapi utiliza Cookies e identificadores an\u00f4nimos para controle de navega\u00e7\u00e3o, performance e seguran\u00e7a.<br \/><span style=\"color: var( --e-global-color-text ); font-family: var( --e-global-typography-text-font-family ), Sans-serif; font-size: var( --e-global-typography-text-font-size ); font-weight: var( --e-global-typography-text-font-weight ); text-align: var(--text-align);\">Os Cookies utilizados pela SEMAPI s\u00e3o controlados e podem ser classificados enquanto \u00e0 finalidade:<br \/><\/span><span style=\"color: var( --e-global-color-text ); font-family: var( --e-global-typography-text-font-family ), Sans-serif; font-size: var( --e-global-typography-text-font-size ); font-weight: var( --e-global-typography-text-font-weight ); text-align: var(--text-align);\">Cookies estritamente necess\u00e1rios<br \/><\/span><span style=\"color: var( --e-global-color-text ); font-family: var( --e-global-typography-text-font-family ), Sans-serif; font-size: var( --e-global-typography-text-font-size ); font-weight: var( --e-global-typography-text-font-weight ); text-align: var(--text-align);\">Estes cookies s\u00e3o necess\u00e1rios para que o website funcione e n\u00e3o podem ser desligados nos nossos sistemas.<br \/><\/span><span style=\"color: var( --e-global-color-text ); font-family: var( --e-global-typography-text-font-family ), Sans-serif; font-size: var( --e-global-typography-text-font-size ); font-weight: var( --e-global-typography-text-font-weight ); text-align: var(--text-align);\">Normalmente, eles s\u00f3 s\u00e3o configurados em resposta a a\u00e7\u00f5es levadas a cabo por si e que\u00a0<\/span><span style=\"color: var( --e-global-color-text ); font-family: var( --e-global-typography-text-font-family ), Sans-serif; font-size: var( --e-global-typography-text-font-size ); font-weight: var( --e-global-typography-text-font-weight ); text-align: var(--text-align);\">correspondem a uma solicita\u00e7\u00e3o de servi\u00e7os, tais como iniciar sess\u00e3o ou preencher formul\u00e1rios.<\/span><\/p><p>Pode configurar o seu navegador para bloquear ou alert\u00e1-lo(a) sobre esses cookies, mas algumas partes do website n\u00e3o funcionar\u00e3o. Estes cookies n\u00e3o armazenam qualquer informa\u00e7\u00e3o pessoal\u00a0<span style=\"color: var( --e-global-color-text ); font-family: var( --e-global-typography-text-font-family ), Sans-serif; font-size: var( --e-global-typography-text-font-size ); font-weight: var( --e-global-typography-text-font-weight ); text-align: var(--text-align);\">identific\u00e1vel.<\/span><\/p><p>Cookies de desempenho Estes cookies permitem-nos contar visitas e fontes de tr\u00e1fego, para que possamos medir e melhorar o desempenho do nosso website. Eles ajudam-nos a saber quais s\u00e3o as p\u00e1ginas mais e menos populares e a ver como os visitantes se movimentam pelo website. Todas as informa\u00e7\u00f5es recolhidas\u00a0<span style=\"color: var( --e-global-color-text ); font-family: var( --e-global-typography-text-font-family ), Sans-serif; font-size: var( --e-global-typography-text-font-size ); font-weight: var( --e-global-typography-text-font-weight ); text-align: var(--text-align);\">por estes cookies s\u00e3o agregadas e, por conseguinte, an\u00f3nimas.<\/span><\/p><p>Receber e utilizar as caracter\u00edsticas do dispositivo enviadas automaticamente para identifica\u00e7\u00e3o \u00c9 poss\u00edvel distinguir o seu dispositivo de outros dispositivos, com base nas informa\u00e7\u00f5es que envia automaticamente, tais como o endere\u00e7o IP ou o tipo de navegador.<\/p><p>Pra seja efetuado seu cadastro junto a SEMAPI, MANTec ou USEMOL nosso site coleta dados pessoais e empresariais de nossos usu\u00e1rios, de acordo com o disposto. Tais como:<\/p><p>\u2022 Nome Completo<br \/><span style=\"color: var( --e-global-color-text ); font-family: var( --e-global-typography-text-font-family ), Sans-serif; font-size: var( --e-global-typography-text-font-size ); font-weight: var( --e-global-typography-text-font-weight ); text-align: var(--text-align);\">\u2022 E-mail empresarial<br \/><\/span><span style=\"color: var( --e-global-color-text ); font-family: var( --e-global-typography-text-font-family ), Sans-serif; font-size: var( --e-global-typography-text-font-size ); font-weight: var( --e-global-typography-text-font-weight ); text-align: var(--text-align);\">\u2022 Telefone comercial<br \/><\/span><span style=\"color: var( --e-global-color-text ); font-family: var( --e-global-typography-text-font-family ), Sans-serif; font-size: var( --e-global-typography-text-font-size ); font-weight: var( --e-global-typography-text-font-weight ); text-align: var(--text-align);\">\u2022 Endere\u00e7o Comercial<\/span><\/p><p>Principais dados de sua empresa para conclus\u00e3o\/efetiva\u00e7\u00e3o de cadastro<\/p><p>Quando se coleta<\/p><p>Quando o usu\u00e1rio submete seus dados ao realizar o cadastro como fornecedor, e\/ou carga de dados quando h\u00e1 um projeto de implementa\u00e7\u00e3o de uma nova empresa compradora do sistema e estas\u00a0<span style=\"color: var( --e-global-color-text ); font-family: var( --e-global-typography-text-font-family ), Sans-serif; font-size: var( --e-global-typography-text-font-size ); font-weight: var( --e-global-typography-text-font-weight ); text-align: var(--text-align);\">informa\u00e7\u00f5es est\u00e3o sob a responsabilidade do contrato firmado e\/ou pol\u00edtica Comercial e a partir da realiza\u00e7\u00e3o do login na SEMAPI, MANTec ou USEMOL.<\/span><\/p><p>\u00a0<\/p><p><b>4. Tempo de reten\u00e7\u00e3o de dados<\/b><\/p><p>Os dados s\u00e3o armazenados por 5 anos, contudo, isto n\u00e3o inclui dados que somos obrigados a\u00a0<span style=\"color: var( --e-global-color-text ); font-family: var( --e-global-typography-text-font-family ), Sans-serif; font-size: var( --e-global-typography-text-font-size ); font-weight: var( --e-global-typography-text-font-weight ); text-align: var(--text-align);\">manter para prop\u00f3sitos administrativos, legais ou de seguran\u00e7a.<\/span><\/p><p>\u00a0<\/p><p><b>5. Com quem partilhamos seus dados<\/b><\/p><p>Seus dados s\u00e3o utilizados pelo nosso setor de opera\u00e7\u00f5es, para suporte e\/ou respostas de cota\u00e7\u00f5es,\u00a0<span style=\"color: var( --e-global-color-text ); font-family: var( --e-global-typography-text-font-family ), Sans-serif; font-size: var( --e-global-typography-text-font-size ); font-weight: var( --e-global-typography-text-font-weight ); text-align: var(--text-align);\">ou seja, s\u00e3o utilizados internamente e com a inten\u00e7\u00e3o de contat\u00e1-lo para avis\u00e1-lo de poss\u00edveis\u00a0<\/span><span style=\"color: var( --e-global-color-text ); font-family: var( --e-global-typography-text-font-family ), Sans-serif; font-size: var( --e-global-typography-text-font-size ); font-weight: var( --e-global-typography-text-font-weight ); text-align: var(--text-align);\">oportunidades de venda ou suporte para utiliza\u00e7\u00e3o do portal.<\/span><\/p><p>\u00a0<\/p><p><b>6. Quais os seus direitos sobre seus dados<\/b><\/p><p>Os direitos sobre seus dados s\u00e3o de exclusividade seu, voc\u00ea pode solicitar que removamos qualquer\u00a0<span style=\"color: var( --e-global-color-text ); font-family: var( --e-global-typography-text-font-family ), Sans-serif; font-size: var( --e-global-typography-text-font-size ); font-weight: var( --e-global-typography-text-font-weight ); text-align: var(--text-align);\">dado pessoal que mantemos sobre voc\u00ea atrav\u00e9s do email: suporte_usemol@semapi.com.br. Isto\u00a0<\/span><span style=\"color: var( --e-global-color-text ); font-family: var( --e-global-typography-text-font-family ), Sans-serif; font-size: var( --e-global-typography-text-font-size ); font-weight: var( --e-global-typography-text-font-weight ); text-align: var(--text-align);\">n\u00e3o inclui dados que somos obrigados a manter para prop\u00f3sitos administrativos, legais ou de seguran\u00e7a.<\/span><\/p><p>\u00a0<\/p><p>A SEMAPI se reserva no direito de atualizar ou modificar esta Pol\u00edtica, em qualquer \u00e9poca e sem aviso pr\u00e9vio. No entanto, publicaremos sempre a nova vers\u00e3o revisada em nosso website.<\/p><p>Caso existam altera\u00e7\u00f5es na forma em que tratamos dados pessoais, voc\u00ea ser\u00e1 informado para verificar se pretende continuar utilizando nossos produtos<\/p><p>\u00a0<\/p>\t\t\t\t\t\t\t\t<\/div>\n\t\t\t\t<\/div>\n\t\t\t\t\t<\/div>\n\t\t\t\t<\/div>\n\t\t\t\t<\/div>","protected":false},"excerpt":{"rendered":"<p>1. Bem vindo a SEMAPI! A SEMAPI preza pela seguran\u00e7a dos seus clientes e tem como premissa a honestidade,\u00a0 transpar\u00eancia e privacidade. Sendo assim, asseguramos a preserva\u00e7\u00e3o de dados de nossos clientes e com isto apresentamos o \u201cTermo de uso e pol\u00edtica de privacidade\u201d de seu site (www.semapi.com.br)\u00a0sempre Com base na Lei Geral de Prote\u00e7\u00e3o [&hellip;]<\/p>\n","protected":false},"author":22,"featured_media":0,"parent":0,"menu_order":0,"comment_status":"closed","ping_status":"closed","template":"","meta":{"_monsterinsights_skip_tracking":false,"_monsterinsights_sitenote_active":false,"_monsterinsights_sitenote_note":"","_monsterinsights_sitenote_category":0,"iawp_total_views":24,"footnotes":""},"class_list":["post-2524","page","type-page","status-publish","hentry"],"featured_image_src":null,"yoast_head":"<!-- This site is optimized with the Yoast SEO plugin v27.4 - https:\/\/yoast.com\/product\/yoast-seo-wordpress\/ -->\n<title>Pol\u00edtica de Privacidade - SEMAPI<\/title>\n<meta name=\"robots\" content=\"index, follow, max-snippet:-1, max-image-preview:large, max-video-preview:-1\" \/>\n<link rel=\"canonical\" href=\"https:\/\/semapi.com.br\/en\/politica-de-privacidade-2\/\" \/>\n<meta property=\"og:locale\" content=\"en_US\" \/>\n<meta property=\"og:type\" content=\"article\" \/>\n<meta property=\"og:title\" content=\"Pol\u00edtica de Privacidade - SEMAPI\" \/>\n<meta property=\"og:description\" content=\"1. Bem vindo a SEMAPI! A SEMAPI preza pela seguran\u00e7a dos seus clientes e tem como premissa a honestidade,\u00a0 transpar\u00eancia e privacidade. Sendo assim, asseguramos a preserva\u00e7\u00e3o de dados de nossos clientes e com isto apresentamos o \u201cTermo de uso e pol\u00edtica de privacidade\u201d de seu site (www.semapi.com.br)\u00a0sempre Com base na Lei Geral de Prote\u00e7\u00e3o [&hellip;]\" \/>\n<meta property=\"og:url\" content=\"https:\/\/semapi.com.br\/en\/politica-de-privacidade-2\/\" \/>\n<meta property=\"og:site_name\" content=\"SEMAPI\" \/>\n<meta property=\"article:modified_time\" content=\"2023-11-27T17:16:20+00:00\" \/>\n<meta name=\"twitter:card\" content=\"summary_large_image\" \/>\n<meta name=\"twitter:label1\" content=\"Est. reading time\" \/>\n\t<meta name=\"twitter:data1\" content=\"4 minutes\" \/>\n<script type=\"application\/ld+json\" class=\"yoast-schema-graph\">{\"@context\":\"https:\\\/\\\/schema.org\",\"@graph\":[{\"@type\":\"WebPage\",\"@id\":\"https:\\\/\\\/semapi.com.br\\\/en\\\/politica-de-privacidade-2\\\/\",\"url\":\"https:\\\/\\\/semapi.com.br\\\/en\\\/politica-de-privacidade-2\\\/\",\"name\":\"Pol\u00edtica de Privacidade - SEMAPI\",\"isPartOf\":{\"@id\":\"https:\\\/\\\/semapi.com.br\\\/#website\"},\"datePublished\":\"2023-11-27T16:56:40+00:00\",\"dateModified\":\"2023-11-27T17:16:20+00:00\",\"inLanguage\":\"en-US\",\"potentialAction\":[{\"@type\":\"ReadAction\",\"target\":[\"https:\\\/\\\/semapi.com.br\\\/en\\\/politica-de-privacidade-2\\\/\"]}]},{\"@type\":\"WebSite\",\"@id\":\"https:\\\/\\\/semapi.com.br\\\/#website\",\"url\":\"https:\\\/\\\/semapi.com.br\\\/\",\"name\":\"SEMAPI\",\"description\":\"\",\"publisher\":{\"@id\":\"https:\\\/\\\/semapi.com.br\\\/#organization\"},\"potentialAction\":[{\"@type\":\"SearchAction\",\"target\":{\"@type\":\"EntryPoint\",\"urlTemplate\":\"https:\\\/\\\/semapi.com.br\\\/?s={search_term_string}\"},\"query-input\":{\"@type\":\"PropertyValueSpecification\",\"valueRequired\":true,\"valueName\":\"search_term_string\"}}],\"inLanguage\":\"en-US\"},{\"@type\":\"Organization\",\"@id\":\"https:\\\/\\\/semapi.com.br\\\/#organization\",\"name\":\"SEMAPI\",\"url\":\"https:\\\/\\\/semapi.com.br\\\/\",\"logo\":{\"@type\":\"ImageObject\",\"inLanguage\":\"en-US\",\"@id\":\"https:\\\/\\\/semapi.com.br\\\/#\\\/schema\\\/logo\\\/image\\\/\",\"url\":\"https:\\\/\\\/semapi.com.br\\\/wp-content\\\/uploads\\\/2020\\\/02\\\/Semapi-Logo.png\",\"contentUrl\":\"https:\\\/\\\/semapi.com.br\\\/wp-content\\\/uploads\\\/2020\\\/02\\\/Semapi-Logo.png\",\"width\":179,\"height\":56,\"caption\":\"SEMAPI\"},\"image\":{\"@id\":\"https:\\\/\\\/semapi.com.br\\\/#\\\/schema\\\/logo\\\/image\\\/\"}}]}<\/script>\n<!-- \/ Yoast SEO plugin. -->","yoast_head_json":{"title":"Pol\u00edtica de Privacidade - SEMAPI","robots":{"index":"index","follow":"follow","max-snippet":"max-snippet:-1","max-image-preview":"max-image-preview:large","max-video-preview":"max-video-preview:-1"},"canonical":"https:\/\/semapi.com.br\/en\/politica-de-privacidade-2\/","og_locale":"en_US","og_type":"article","og_title":"Pol\u00edtica de Privacidade - SEMAPI","og_description":"1. Bem vindo a SEMAPI! A SEMAPI preza pela seguran\u00e7a dos seus clientes e tem como premissa a honestidade,\u00a0 transpar\u00eancia e privacidade. Sendo assim, asseguramos a preserva\u00e7\u00e3o de dados de nossos clientes e com isto apresentamos o \u201cTermo de uso e pol\u00edtica de privacidade\u201d de seu site (www.semapi.com.br)\u00a0sempre Com base na Lei Geral de Prote\u00e7\u00e3o [&hellip;]","og_url":"https:\/\/semapi.com.br\/en\/politica-de-privacidade-2\/","og_site_name":"SEMAPI","article_modified_time":"2023-11-27T17:16:20+00:00","twitter_card":"summary_large_image","twitter_misc":{"Est. reading time":"4 minutes"},"schema":{"@context":"https:\/\/schema.org","@graph":[{"@type":"WebPage","@id":"https:\/\/semapi.com.br\/en\/politica-de-privacidade-2\/","url":"https:\/\/semapi.com.br\/en\/politica-de-privacidade-2\/","name":"Pol\u00edtica de Privacidade - SEMAPI","isPartOf":{"@id":"https:\/\/semapi.com.br\/#website"},"datePublished":"2023-11-27T16:56:40+00:00","dateModified":"2023-11-27T17:16:20+00:00","inLanguage":"en-US","potentialAction":[{"@type":"ReadAction","target":["https:\/\/semapi.com.br\/en\/politica-de-privacidade-2\/"]}]},{"@type":"WebSite","@id":"https:\/\/semapi.com.br\/#website","url":"https:\/\/semapi.com.br\/","name":"SEMAPI","description":"","publisher":{"@id":"https:\/\/semapi.com.br\/#organization"},"potentialAction":[{"@type":"SearchAction","target":{"@type":"EntryPoint","urlTemplate":"https:\/\/semapi.com.br\/?s={search_term_string}"},"query-input":{"@type":"PropertyValueSpecification","valueRequired":true,"valueName":"search_term_string"}}],"inLanguage":"en-US"},{"@type":"Organization","@id":"https:\/\/semapi.com.br\/#organization","name":"SEMAPI","url":"https:\/\/semapi.com.br\/","logo":{"@type":"ImageObject","inLanguage":"en-US","@id":"https:\/\/semapi.com.br\/#\/schema\/logo\/image\/","url":"https:\/\/semapi.com.br\/wp-content\/uploads\/2020\/02\/Semapi-Logo.png","contentUrl":"https:\/\/semapi.com.br\/wp-content\/uploads\/2020\/02\/Semapi-Logo.png","width":179,"height":56,"caption":"SEMAPI"},"image":{"@id":"https:\/\/semapi.com.br\/#\/schema\/logo\/image\/"}}]}},"_links":{"self":[{"href":"https:\/\/semapi.com.br\/en\/wp-json\/wp\/v2\/pages\/2524","targetHints":{"allow":["GET"]}}],"collection":[{"href":"https:\/\/semapi.com.br\/en\/wp-json\/wp\/v2\/pages"}],"about":[{"href":"https:\/\/semapi.com.br\/en\/wp-json\/wp\/v2\/types\/page"}],"author":[{"embeddable":true,"href":"https:\/\/semapi.com.br\/en\/wp-json\/wp\/v2\/users\/22"}],"replies":[{"embeddable":true,"href":"https:\/\/semapi.com.br\/en\/wp-json\/wp\/v2\/comments?post=2524"}],"version-history":[{"count":13,"href":"https:\/\/semapi.com.br\/en\/wp-json\/wp\/v2\/pages\/2524\/revisions"}],"predecessor-version":[{"id":2538,"href":"https:\/\/semapi.com.br\/en\/wp-json\/wp\/v2\/pages\/2524\/revisions\/2538"}],"wp:attachment":[{"href":"https:\/\/semapi.com.br\/en\/wp-json\/wp\/v2\/media?parent=2524"}],"curies":[{"name":"wp","href":"https:\/\/api.w.org\/{rel}","templated":true}]}}